{"id":562,"date":"2021-04-19T10:15:30","date_gmt":"2021-04-19T10:15:30","guid":{"rendered":"https:\/\/www.lanit.ch\/fr\/?post_type=product&#038;p=562"},"modified":"2022-05-21T10:41:03","modified_gmt":"2022-05-21T10:41:03","slug":"nettoyeur-de-pinceaux-lt-3000","status":"publish","type":"product","link":"https:\/\/www.lanit.ch\/fr\/produkt\/nettoyeur-de-pinceaux-lt-3000\/","title":{"rendered":"NETTOYEUR DE PINCEAUX LT 3000"},"content":{"rendered":"<h1>Nettoyeur de pinceaux<\/h1>\n<p>M\u00e9lange solvant\/agents mouillants pour \u00e9mulsionner et dissoudre les restes de peintures, aussi celles insolubles dans l\u2019eau. Emulsionnable dans l\u2019eau.<\/p>\n<p><strong>Compostition:<\/strong><br \/>\nSolvants sp\u00e9ciales, agents mouillants (agents tensio-actifs).<\/p>\n<p><strong>Aspect:<\/strong><br \/>\nliquide clair, incolore<\/p>\n<p><strong>Consistence:<\/strong><br \/>\nliquide<\/p>\n<p><strong>Propri\u00e9t\u00e9s:<\/strong><br \/>\nD\u00e9tergent \u00e0 usage multiple avec bon pouvoir \u00e9mulsionnant. Emulsionne les restes de peintures ainsi que d\u2019autres r\u00e9sidus huileux et graisseux pour les rendre solubles \u00e0 l\u2019eau.<\/p>\n<p><strong>Forme livraison:<\/strong><br \/>\nBidons en plastique de 5, 10, 25 kg, f\u00fbts de 50 et 175 kg net<\/p>\n","protected":false},"excerpt":{"rendered":"<p>D\u00e9tergent \u00e0 usage multiple avec bon pouvoir \u00e9mulsionnant.<\/p>\n","protected":false},"featured_media":1062,"template":"","meta":{"_acf_changed":false,"_seopress_robots_primary_cat":"none","_seopress_titles_title":"Nettoyeur de pinceaux%%sep%%Nettoyeur universel%%sep%%Nettoyeur de pinceaux LT 3000","_seopress_titles_desc":"Le nettoyant de pinceaux peut \u00eatre utilis\u00e9 plusieurs fois et pour diff\u00e9rents pinceaux, m\u00eame mouill\u00e9s, sans souiller. Pour nettoyer et d\u00e9graisser des surfaces m\u00e9talliques et pour rincer des appareils et outils, on utilisera du nettoyant de pinceaux frais.","_seopress_robots_index":"","_trash_the_other_posts":false,"editor_notices":[]},"product_brand":[],"product_cat":[225],"product_tag":[226,231,123],"class_list":{"0":"post-562","1":"product","2":"type-product","3":"status-publish","4":"has-post-thumbnail","6":"product_cat-nettoyeur-de-pinceaux","7":"product_tag-nettoyeur-de-pinceaux","8":"product_tag-nettoyeur-de-pinceaux-lt-3000","9":"product_tag-universalreiniger","11":"first","12":"instock","13":"taxable","14":"shipping-taxable","15":"purchasable","16":"product-type-simple"},"acf":[],"_links":{"self":[{"href":"https:\/\/www.lanit.ch\/fr\/wp-json\/wp\/v2\/product\/562","targetHints":{"allow":["GET"]}}],"collection":[{"href":"https:\/\/www.lanit.ch\/fr\/wp-json\/wp\/v2\/product"}],"about":[{"href":"https:\/\/www.lanit.ch\/fr\/wp-json\/wp\/v2\/types\/product"}],"wp:featuredmedia":[{"embeddable":true,"href":"https:\/\/www.lanit.ch\/fr\/wp-json\/wp\/v2\/media\/1062"}],"wp:attachment":[{"href":"https:\/\/www.lanit.ch\/fr\/wp-json\/wp\/v2\/media?parent=562"}],"wp:term":[{"taxonomy":"product_brand","embeddable":true,"href":"https:\/\/www.lanit.ch\/fr\/wp-json\/wp\/v2\/product_brand?post=562"},{"taxonomy":"product_cat","embeddable":true,"href":"https:\/\/www.lanit.ch\/fr\/wp-json\/wp\/v2\/product_cat?post=562"},{"taxonomy":"product_tag","embeddable":true,"href":"https:\/\/www.lanit.ch\/fr\/wp-json\/wp\/v2\/product_tag?post=562"}],"curies":[{"name":"wp","href":"https:\/\/api.w.org\/{rel}","templated":true}]}}