{"id":551,"date":"2021-04-19T10:08:55","date_gmt":"2021-04-19T10:08:55","guid":{"rendered":"https:\/\/www.lanit.ch\/fr\/?post_type=product&#038;p=551"},"modified":"2022-05-21T10:38:27","modified_gmt":"2022-05-21T10:38:27","slug":"nettoyeur-de-pinceaux-lt-1184","status":"publish","type":"product","link":"https:\/\/www.lanit.ch\/fr\/produkt\/nettoyeur-de-pinceaux-lt-1184\/","title":{"rendered":"NETTOYEUR DE PINCEAUX LT 1184"},"content":{"rendered":"<h1>Nettoyeur de pinceaux<\/h1>\n<p>D\u00e9tergent \u00e0 usage multiple avec bon pouvoir \u00e9mulsionnant<\/p>\n<p><strong>Compostition:<\/strong><br \/>\nSolvants sp\u00e9ciales, agents mouillants (agents tensio-actifs).<\/p>\n<p><strong>Aspect:<\/strong><br \/>\nliquide clair, incolore<\/p>\n<p><strong>Consistence:<\/strong><br \/>\nliquide<\/p>\n<p><strong>Propri\u00e9t\u00e9s:<\/strong><br \/>\nD\u00e9tergent \u00e0 usage multiple avec bon pouvoir \u00e9mulsionnant. Emulsionne les restes de peintures ainsi que d\u2019autres r\u00e9sidus huileux et graisseux pour les rendre<br \/>\nsolubles \u00e0 l\u2019eau.<\/p>\n<p><strong>Forme livraison:<\/strong><br \/>\nBidons en plastique de 5, 10, 25 kg, f\u00fbts de 50 et 175 kg net<\/p>\n","protected":false},"excerpt":{"rendered":"<p>M\u00e9lange solvant\/agents mouillants pour \u00e9mulsionner et dissoudre les restes de peintures, aussi celles insolubles dans l\u2019eau.<\/p>\n","protected":false},"featured_media":1063,"template":"","meta":{"_acf_changed":false,"_seopress_robots_primary_cat":"none","_seopress_titles_title":"Nettoyeur pour pinceaux%%sep%%Nettoyeur pour pinceaux LT 1184","_seopress_titles_desc":"M\u00e9lange solvant\/agents mouillants pour \u00e9mulsionner et dissoudre les restes de peintures, aussi celles insolubles dans l\u2019eau. Emulsionnable dans l\u2019eau.","_seopress_robots_index":"","_trash_the_other_posts":false,"editor_notices":[]},"product_brand":[],"product_cat":[225],"product_tag":[226,227,123],"class_list":{"0":"post-551","1":"product","2":"type-product","3":"status-publish","4":"has-post-thumbnail","6":"product_cat-nettoyeur-de-pinceaux","7":"product_tag-nettoyeur-de-pinceaux","8":"product_tag-nettoyeur-de-pinceaux-lt1184","9":"product_tag-universalreiniger","11":"first","12":"instock","13":"taxable","14":"shipping-taxable","15":"purchasable","16":"product-type-simple"},"acf":[],"_links":{"self":[{"href":"https:\/\/www.lanit.ch\/fr\/wp-json\/wp\/v2\/product\/551","targetHints":{"allow":["GET"]}}],"collection":[{"href":"https:\/\/www.lanit.ch\/fr\/wp-json\/wp\/v2\/product"}],"about":[{"href":"https:\/\/www.lanit.ch\/fr\/wp-json\/wp\/v2\/types\/product"}],"wp:featuredmedia":[{"embeddable":true,"href":"https:\/\/www.lanit.ch\/fr\/wp-json\/wp\/v2\/media\/1063"}],"wp:attachment":[{"href":"https:\/\/www.lanit.ch\/fr\/wp-json\/wp\/v2\/media?parent=551"}],"wp:term":[{"taxonomy":"product_brand","embeddable":true,"href":"https:\/\/www.lanit.ch\/fr\/wp-json\/wp\/v2\/product_brand?post=551"},{"taxonomy":"product_cat","embeddable":true,"href":"https:\/\/www.lanit.ch\/fr\/wp-json\/wp\/v2\/product_cat?post=551"},{"taxonomy":"product_tag","embeddable":true,"href":"https:\/\/www.lanit.ch\/fr\/wp-json\/wp\/v2\/product_tag?post=551"}],"curies":[{"name":"wp","href":"https:\/\/api.w.org\/{rel}","templated":true}]}}