{"id":543,"date":"2021-04-19T10:01:27","date_gmt":"2021-04-19T10:01:27","guid":{"rendered":"https:\/\/www.lanit.ch\/fr\/?post_type=product&#038;p=543"},"modified":"2022-05-21T14:35:15","modified_gmt":"2022-05-21T14:35:15","slug":"acticide-mke-tinal-fongicide","status":"publish","type":"product","link":"https:\/\/www.lanit.ch\/fr\/produkt\/acticide-mke-tinal-fongicide\/","title":{"rendered":"ACTICIDE MKE - TINAL FONGICIDE"},"content":{"rendered":"<h1>Fongicide<\/h1>\n<p>Produit concentr\u00e9 pour la lutte contre la formation de moisissures et d\u2019algues sur les peintures dispersion. Utiliser exclusivement comme additif (5 %) !<\/p>\n<p><strong>Composition:<\/strong><br \/>\nContient des d\u00e9riv\u00e9s d\u2019Isothiazol dissous dans un m\u00e9lange eau \/ solvants.<\/p>\n<p><strong>Aspect:<\/strong><br \/>\nLiquide l\u00e9g\u00e8rement jaun\u00e2tre.<\/p>\n<p><strong>Consistance:<\/strong><br \/>\nFluide<\/p>\n<p><strong>Propri\u00e9t\u00e9s:<\/strong><br \/>\nCombat de mani\u00e8re efficace la formation de moisissures et d\u2019algues sur les peintures murales surtout dans des endroits avec une humidit\u00e9 de l\u2019air temporairement \u00e9lev\u00e9e (caves, cuisines). Convient pour les salles de production de denr\u00e9es alimentaires.<\/p>\n<p>N\u2019est pas admis en cas de contact direct !<\/p>\n<p><strong>Forme de livraison:<\/strong><br \/>\nEn bidons de plastique d\u20191 kg et de 5 kg ou 10 kg poids net.<\/p>\n","protected":false},"excerpt":{"rendered":"<p>Produit concentr\u00e9 pour la lutte contre la formation de moisissures et d\u2019algues sur les peintures dispersion. Utiliser exclusivement comme additif (5 %) !<\/p>\n","protected":false},"featured_media":1064,"template":"","meta":{"_acf_changed":false,"_seopress_robots_primary_cat":"none","_seopress_titles_title":"Fongicide%%sep%%TINAL Fongicide","_seopress_titles_desc":"Produit concentr\u00e9 pour la lutte contre la formation de moisissures et d\u2019algues sur les peintures dispersion. Utiliser exclusivement comme additif (5 %) !","_seopress_robots_index":"","_trash_the_other_posts":false,"editor_notices":[]},"product_brand":[],"product_cat":[217],"product_tag":[218,221,219,222,220,223],"class_list":{"0":"post-543","1":"product","2":"type-product","3":"status-publish","4":"has-post-thumbnail","6":"product_cat-fongicide","7":"product_tag-acticide","8":"product_tag-dissolvant-de-moisissures","9":"product_tag-elimination-des-algues","10":"product_tag-elimination-des-moisissures","11":"product_tag-fongicidelanit","12":"product_tag-tinal-fongicide","14":"first","15":"instock","16":"taxable","17":"shipping-taxable","18":"purchasable","19":"product-type-simple"},"acf":[],"_links":{"self":[{"href":"https:\/\/www.lanit.ch\/fr\/wp-json\/wp\/v2\/product\/543","targetHints":{"allow":["GET"]}}],"collection":[{"href":"https:\/\/www.lanit.ch\/fr\/wp-json\/wp\/v2\/product"}],"about":[{"href":"https:\/\/www.lanit.ch\/fr\/wp-json\/wp\/v2\/types\/product"}],"wp:featuredmedia":[{"embeddable":true,"href":"https:\/\/www.lanit.ch\/fr\/wp-json\/wp\/v2\/media\/1064"}],"wp:attachment":[{"href":"https:\/\/www.lanit.ch\/fr\/wp-json\/wp\/v2\/media?parent=543"}],"wp:term":[{"taxonomy":"product_brand","embeddable":true,"href":"https:\/\/www.lanit.ch\/fr\/wp-json\/wp\/v2\/product_brand?post=543"},{"taxonomy":"product_cat","embeddable":true,"href":"https:\/\/www.lanit.ch\/fr\/wp-json\/wp\/v2\/product_cat?post=543"},{"taxonomy":"product_tag","embeddable":true,"href":"https:\/\/www.lanit.ch\/fr\/wp-json\/wp\/v2\/product_tag?post=543"}],"curies":[{"name":"wp","href":"https:\/\/api.w.org\/{rel}","templated":true}]}}