{"id":505,"date":"2021-04-19T09:21:01","date_gmt":"2021-04-19T09:21:01","guid":{"rendered":"https:\/\/www.lanit.ch\/fr\/?post_type=product&#038;p=505"},"modified":"2022-03-15T11:31:21","modified_gmt":"2022-03-15T11:31:21","slug":"lanisol-2-comp-peinture-pour-sol","status":"publish","type":"product","link":"https:\/\/www.lanit.ch\/fr\/produkt\/lanisol-2-comp-peinture-pour-sol\/","title":{"rendered":"LANISOL 2-Comp. peinture pour sol(Email satin\u00e9, \u00e9poxide diluable \u00e0 l'eau)"},"content":{"rendered":"<h1>Peinture pour sol<\/h1>\n<p>LANISOL est une peinture \u00e0 2 composants diluable \u00e0 l\u2019eau pour rev\u00eatements de protection et vitrification, r\u00e9sistant \u00e0 l\u2019abrasion et aux agents chimiques. Elle s\u2019utilise sur le b\u00e9ton, le cr\u00e9pi, les murs ainsi que sur l\u2019acier et le fer (pr\u00e9voir une couche de fond adapt\u00e9e) aussi avec anti-glisse.<\/p>\n<p><strong>Aspect:<\/strong><br \/>\nSelon la carte des teintes des sols en ciment<\/p>\n<p><strong>Consistance:<\/strong><br \/>\nSelon la carte des teintes des sols en ciment<\/p>\n<p><strong>Propri\u00e9t\u00e9s:<\/strong><br \/>\nLes propri\u00e9t\u00e9s principales sont:<br \/>\nAbsence de solvant, non-inflammable, excellent adh\u00e9sion m\u00eame sur des surfaces humides, tr\u00e8s bonne r\u00e9sistance au lavage et au brossage, tr\u00e8s bonne d\u00e9contamination, anti-d\u00e9rapant, r\u00e9sistant<br \/>\naux intemp\u00e9ries (tendance au farinage) entretien facile, r\u00e9sitant aux moisissures et aux produits chimiques, application inodore et simple.<\/p>\n<p>Si au moment de l'application la temp\u00e9rature est inferieure \u00e0 10 \u00b0C ou le degr\u00e9 d'humidit\u00e9 \u00e0 plus de 85 %, quelques alt\u00e9rations peuvent se produire: appariton de taches, alternance dans le brillant.<br \/>\nSie l'eau de la couche d'impression ne s'\u00e9vapore pas ou n'est pas absorb\u00e9e par le support durant la p\u00e9riode de stabilisation du m\u00e9lange, il est possible que des taches (differences de nuances) et<br \/>\ndes zones mates apparaissent.<br \/>\nCorrespond MINERGIE-ECO.<\/p>\n<p>Important: pendant l'application et le temps de s\u00e8chage, veiller \u00e0 une bonne a\u00e9ration (installer un s\u00e9choir ou un chauffage de chantier).<\/p>\n<p>Le support doit \u00eatre propre, sans poussi\u00e8re ni gras, les supports en ciment doivent \u00eatre secs et exempt d'efflorescence. Une humidit\u00e9 superficielle ne d\u00e9range pas.<\/p>\n<p>Sec horse poussi\u00e8re apr\u00e8s 3 heures, au toucher apr\u00e8s 8 heures, manipulable apr\u00e8s 12 heures, revernissable apr\u00e8s 16 heures, compl\u00e8tement sec apr\u00e8s 24 heures, utilisable chirniquement et<br \/>\nm\u00e9caniquement apr\u00e8s 8 \u00e0 12 jours.<\/p>\n<p>Intemp\u00e9ries: Expos\u00e9 directement aux intemp\u00e9ries, Lanisol 2-Comp. a tendance au farinage apr\u00e8s 4 \u00e0 6 mois, sans que la qualit\u00e9 en soit alt\u00e9r\u00e9e.<\/p>\n<p><strong>Forme de livraison:<\/strong><br \/>\npr\u00eat \u00e0 l'emploi (thixotrope), Comp. B aussi avec anti-glisse. Emballage \u00e0 2,5 ou 5 kg net.<\/p>\n","protected":false},"excerpt":{"rendered":"<p>LANISOL est une peinture \u00e0 2 composants diluable \u00e0 l\u2019eau pour rev\u00eatements de protection et vitrification, r\u00e9sistant \u00e0 l\u2019abrasion et aux agents chimiques.<\/p>\n","protected":false},"featured_media":1068,"template":"","meta":{"_acf_changed":false,"_seopress_robots_primary_cat":"none","_seopress_titles_title":"Peinture pour sol%%sep%%LANISOL peinture pour sol","_seopress_titles_desc":"LANISOL est une peinture \u00e0 2 composants diluable \u00e0 l\u2019eau pour rev\u00eatements de protection et vitrification, r\u00e9sistant \u00e0 l\u2019abrasion et aux agents chimiques.","_seopress_robots_index":"","_trash_the_other_posts":false,"editor_notices":[]},"product_brand":[],"product_cat":[197],"product_tag":[200,201,198,199],"class_list":{"0":"post-505","1":"product","2":"type-product","3":"status-publish","4":"has-post-thumbnail","6":"product_cat-peintures-pour-sol","7":"product_tag-lanisol-peinture-pour-sol","8":"product_tag-peinture-epoxy-satinee","9":"product_tag-peinture-pour-sols","10":"product_tag-peinture-sol","12":"first","13":"instock","14":"taxable","15":"shipping-taxable","16":"purchasable","17":"product-type-simple"},"acf":[],"_links":{"self":[{"href":"https:\/\/www.lanit.ch\/fr\/wp-json\/wp\/v2\/product\/505","targetHints":{"allow":["GET"]}}],"collection":[{"href":"https:\/\/www.lanit.ch\/fr\/wp-json\/wp\/v2\/product"}],"about":[{"href":"https:\/\/www.lanit.ch\/fr\/wp-json\/wp\/v2\/types\/product"}],"wp:featuredmedia":[{"embeddable":true,"href":"https:\/\/www.lanit.ch\/fr\/wp-json\/wp\/v2\/media\/1068"}],"wp:attachment":[{"href":"https:\/\/www.lanit.ch\/fr\/wp-json\/wp\/v2\/media?parent=505"}],"wp:term":[{"taxonomy":"product_brand","embeddable":true,"href":"https:\/\/www.lanit.ch\/fr\/wp-json\/wp\/v2\/product_brand?post=505"},{"taxonomy":"product_cat","embeddable":true,"href":"https:\/\/www.lanit.ch\/fr\/wp-json\/wp\/v2\/product_cat?post=505"},{"taxonomy":"product_tag","embeddable":true,"href":"https:\/\/www.lanit.ch\/fr\/wp-json\/wp\/v2\/product_tag?post=505"}],"curies":[{"name":"wp","href":"https:\/\/api.w.org\/{rel}","templated":true}]}}