{"id":492,"date":"2021-04-19T09:09:39","date_gmt":"2021-04-19T09:09:39","guid":{"rendered":"https:\/\/www.lanit.ch\/fr\/?post_type=product&#038;p=492"},"modified":"2022-01-08T10:10:51","modified_gmt":"2022-01-08T10:10:51","slug":"aqua-fond-disolation","status":"publish","type":"product","link":"https:\/\/www.lanit.ch\/fr\/produkt\/aqua-fond-disolation\/","title":{"rendered":"AQUA-FOND D'ISOLATION"},"content":{"rendered":"<h1>AQUA-FOND D'ISOLATION<\/h1>\n<p>Primaire isolant sans solvant, \u00e0 faible odeur et \u00e0 faible tension, diluable \u00e0 l'eau pour l'int\u00e9rieur, en particulier pour les substrats d\u00e9color\u00e9s par la nicotine et les composants de goudron de la fum\u00e9e de tabac.<\/p>\n<p><strong>Compostion:<\/strong><br \/>\nDispersions de r\u00e9sine synth\u00e9tique, dioxyde de titane, charges et additifs. Sans m\u00e9taux lourds.<\/p>\n<p><strong>Aspect:<\/strong><br \/>\nl\u00e9g\u00e8rement jaun\u00e2tre, s\u00e8che en un fini semi-lustr\u00e9<\/p>\n<p><strong>Consistance:<\/strong><br \/>\nl\u00e9g\u00e8rement thixotrope<\/p>\n<p><strong>Propri\u00e9t\u00e9s:<\/strong><br \/>\nPrimaire isolant \u00e0 s\u00e9chage rapide. N\u00e9anmoins, pour un effet isolant maximal, ne repeindre avec des dispersions de toutes sortes ou de la peinture mate qu'apr\u00e8s s\u00e9chage d'une nuit. Ne convient pas comme top coat. Tendance au jaune.<\/p>\n<p><strong>Forme de livraison:<\/strong><br \/>\nConteneurs en plastique d'un contenu net de 10 et 20 kg<\/p>\n","protected":false},"excerpt":{"rendered":"<p>Fond d\u2019isolation exempt de solvants, diluable \u00e0 l\u2019eau, pauvre en tension et en odeur, pour int\u00e9rieurs, surtout pour surfaces souill\u00e9es de nicotine et de particules de brai provenant de la fum\u00e9e de tabac.<\/p>\n","protected":false},"featured_media":1070,"template":"","meta":{"_acf_changed":false,"_seopress_robots_primary_cat":"none","_seopress_titles_title":"Fond isolant%%sep%%Peinture isolant%%sep%%Aqua fond d&#039;isolation","_seopress_titles_desc":"Fond d\u2019isolation exempt de solvants, diluable \u00e0 l\u2019eau, pauvre en tension et en odeur, pour int\u00e9rieurs, surtout pour surfaces souill\u00e9es de nicotine et de particules de brai provenant de la fum\u00e9e de tabac.","_seopress_robots_index":"","_trash_the_other_posts":false,"editor_notices":[]},"product_brand":[],"product_cat":[190],"product_tag":[191,192,193,159],"class_list":{"0":"post-492","1":"product","2":"type-product","3":"status-publish","4":"has-post-thumbnail","6":"product_cat-fond-isolant","7":"product_tag-aqua-fond-isolant","8":"product_tag-fond-isolant","9":"product_tag-fond-isolant-a-leau","10":"product_tag-peinture-disolation","12":"first","13":"instock","14":"taxable","15":"shipping-taxable","16":"purchasable","17":"product-type-simple"},"acf":[],"_links":{"self":[{"href":"https:\/\/www.lanit.ch\/fr\/wp-json\/wp\/v2\/product\/492","targetHints":{"allow":["GET"]}}],"collection":[{"href":"https:\/\/www.lanit.ch\/fr\/wp-json\/wp\/v2\/product"}],"about":[{"href":"https:\/\/www.lanit.ch\/fr\/wp-json\/wp\/v2\/types\/product"}],"wp:featuredmedia":[{"embeddable":true,"href":"https:\/\/www.lanit.ch\/fr\/wp-json\/wp\/v2\/media\/1070"}],"wp:attachment":[{"href":"https:\/\/www.lanit.ch\/fr\/wp-json\/wp\/v2\/media?parent=492"}],"wp:term":[{"taxonomy":"product_brand","embeddable":true,"href":"https:\/\/www.lanit.ch\/fr\/wp-json\/wp\/v2\/product_brand?post=492"},{"taxonomy":"product_cat","embeddable":true,"href":"https:\/\/www.lanit.ch\/fr\/wp-json\/wp\/v2\/product_cat?post=492"},{"taxonomy":"product_tag","embeddable":true,"href":"https:\/\/www.lanit.ch\/fr\/wp-json\/wp\/v2\/product_tag?post=492"}],"curies":[{"name":"wp","href":"https:\/\/api.w.org\/{rel}","templated":true}]}}