{"id":486,"date":"2021-04-19T09:03:37","date_gmt":"2021-04-19T09:03:37","guid":{"rendered":"https:\/\/www.lanit.ch\/fr\/?post_type=product&#038;p=486"},"modified":"2022-01-08T10:44:43","modified_gmt":"2022-01-08T10:44:43","slug":"express-primer-2","status":"publish","type":"product","link":"https:\/\/www.lanit.ch\/fr\/produkt\/express-primer-2\/","title":{"rendered":"EXPRESS PRIMER"},"content":{"rendered":"<h1>LANIT Express Primer<\/h1>\n<p>Appr\u00eat \u00e0 base de r\u00e9sine synth\u00e9thique (\u00e0 modification acrylique et au caoutchouc), avec un excellent pouvoir d'accrochage et un s\u00e9chage tr\u00e8s rapide; peut \u00eatre l\u00e9g\u00e8rement ponc\u00e9 et recouvert apr\u00e8s 4 heures.<\/p>\n<p><strong>Propri\u00e9t\u00e9s:<\/strong><br \/>\n- excellent pouvoir d'accrochage sur les anciennes couches (non ponc\u00e9es); aluminium, zinc et fer (uniquement \u00e0 l'int\u00e9rieur), panneaux plastifi\u00e9s et maintes mati\u00e8res plastiques (PVC dur, polyester etc.)<br \/>\n- bonne \u00e9lasticit\u00e9 permanente (ne devient pas fragile comme les appr\u00eats synth\u00e9tiques purs) par suite de l'hybridation de liant avec la r\u00e9sine acrylique et le cyclocaoutchouc<br \/>\n- s\u00e9chage rapide et pourtant assez de temps ouvert<br \/>\n- excellent \u00e9talement; bon pouvoir couvrant et bonne tenue aux ar\u00eates<br \/>\n- perm\u00e9able \u00e0 l'air sur le bois brut<\/p>\n<p><strong>Forme de livraison:<\/strong><br \/>\nBlanc, mat, en bidon \u00e0 5 kg<\/p>\n","protected":false},"excerpt":{"rendered":"<p>Appr\u00eat \u00e0 base de r\u00e9sine synth\u00e9thique (\u00e0 modification acrylique et au caoutchouc), avec un excellent pouvoir d'accrochage et un s\u00e9chage tr\u00e8s rapide; peut \u00eatre l\u00e9g\u00e8rement ponc\u00e9 et recouvert apr\u00e8s 4 heures.<\/p>\n","protected":false},"featured_media":1071,"template":"","meta":{"_acf_changed":false,"_seopress_robots_primary_cat":"none","_seopress_titles_title":"Express Primer%%sep%%Appr\u00eat synth\u00e9thique","_seopress_titles_desc":"Appr\u00eat \u00e0 base de r\u00e9sine synth\u00e9thique (\u00e0 modification acrylique et au caoutchouc), avec un excellent pouvoir d&#039;accrochage et un s\u00e9chage tr\u00e8s rapide; peut \u00eatre l\u00e9g\u00e8rement ponc\u00e9 et recouvert apr\u00e8s 4 heures. ","_seopress_robots_index":"","_trash_the_other_posts":false,"editor_notices":[]},"product_brand":[],"product_cat":[180],"product_tag":[186,184,181,185,188,183,187],"class_list":{"0":"post-486","1":"product","2":"type-product","3":"status-publish","4":"has-post-thumbnail","6":"product_cat-fonds-primer","7":"product_tag-express-primer","8":"product_tag-fond-adhesif","9":"product_tag-grundierung","10":"product_tag-primaire","11":"product_tag-primaire-a-base-de-solvant","12":"product_tag-primer","13":"product_tag-primer-a-solvants","15":"first","16":"instock","17":"taxable","18":"shipping-taxable","19":"purchasable","20":"product-type-simple"},"acf":[],"_links":{"self":[{"href":"https:\/\/www.lanit.ch\/fr\/wp-json\/wp\/v2\/product\/486","targetHints":{"allow":["GET"]}}],"collection":[{"href":"https:\/\/www.lanit.ch\/fr\/wp-json\/wp\/v2\/product"}],"about":[{"href":"https:\/\/www.lanit.ch\/fr\/wp-json\/wp\/v2\/types\/product"}],"wp:featuredmedia":[{"embeddable":true,"href":"https:\/\/www.lanit.ch\/fr\/wp-json\/wp\/v2\/media\/1071"}],"wp:attachment":[{"href":"https:\/\/www.lanit.ch\/fr\/wp-json\/wp\/v2\/media?parent=486"}],"wp:term":[{"taxonomy":"product_brand","embeddable":true,"href":"https:\/\/www.lanit.ch\/fr\/wp-json\/wp\/v2\/product_brand?post=486"},{"taxonomy":"product_cat","embeddable":true,"href":"https:\/\/www.lanit.ch\/fr\/wp-json\/wp\/v2\/product_cat?post=486"},{"taxonomy":"product_tag","embeddable":true,"href":"https:\/\/www.lanit.ch\/fr\/wp-json\/wp\/v2\/product_tag?post=486"}],"curies":[{"name":"wp","href":"https:\/\/api.w.org\/{rel}","templated":true}]}}