{"id":462,"date":"2021-04-19T08:42:50","date_gmt":"2021-04-19T08:42:50","guid":{"rendered":"https:\/\/www.lanit.ch\/fr\/?post_type=product&#038;p=462"},"modified":"2022-01-08T09:48:58","modified_gmt":"2022-01-08T09:48:58","slug":"lanimatt-contient-des-solvants","status":"publish","type":"product","link":"https:\/\/www.lanit.ch\/fr\/produkt\/lanimatt-contient-des-solvants\/","title":{"rendered":"LANIMATT contient des solvants"},"content":{"rendered":"<h1>Peinture mate pour plafonds, faible en tension, contient des solvants<\/h1>\n<p>Peinture mate, faible en tension avec bonnes propri\u00e9t\u00e9s d\u2019application directe.<\/p>\n<p><strong>Composition:<\/strong><br \/>\nPeinture mate \u00e0 base d\u2019un liant \u00e0 huile et de benzines aliphatiques.<\/p>\n<p><strong>Aspect:<\/strong><br \/>\nBlanc, absolument mat, aussi \u00e0 l\u2019\u00e9chapp\u00e9e de lumi\u00e8re<\/p>\n<p><strong>Consistance:<\/strong><br \/>\nThixotrope, pr\u00eat \u00e0 l\u2019emploi. Pendant l\u2019application au rouleau ou au pinceau, Lanimatt devient souple et facile \u00e0 appliquer sans aucune dilution.<\/p>\n<p><strong>Propri\u00e9t\u00e9s:<\/strong><br \/>\nPeinture mate, faible en tension avec bonnes propri\u00e9t\u00e9s d\u2019application directe. application Malgr\u00e9 la haute teneur en substances solides et le pouvoir garnissant et couvrant excellent, la viscosit\u00e9 se r\u00e9duit en travaillant par les mouvements du rouleau, de mani\u00e8re que Lanimatt permet une application tr\u00e8s souple et sans dilution. Pas de formation de gouttes.<\/p>\n<p>M\u00eame lors de plafonds difficiles et \u00e0 la lumi\u00e8re d\u00e9favorable, la r\u00e9ussite du travail est garantie, gr\u00e2ce au s\u00e9chage absolument mat aussi \u00e0 l\u2019\u00e9chapp\u00e9e de lumi\u00e8re. Comme peinture mate pour parois, Lanimatt est indiqu\u00e9 seulement l\u00e0, o\u00f9 le durcissement lent de cette qualit\u00e9 faible en tension ne g\u00eane pas, donc o\u00f9 il n\u2019y a pas de frottement m\u00e9canique. Pour ce genre de peintures, la r\u00e9sistance<br \/>\nau frottement est donn\u00e9e seulement apr\u00e8s 1 mois environ (effet de polissage). Lanimatt est appropri\u00e9 aux plafonds neufs et aux r\u00e9novations. Ce produit pr\u00e9sente une adh\u00e9rence parfaite sur cr\u00e9pi, pl\u00e2tre, bois et panneaux agglom\u00e9r\u00e9s ainsi que sur les films anciens et intactes des peintures synth\u00e9tiques, dispersions et \u00e0 la colle. Gr\u00e2ce au s\u00e9chage faible en tension, l\u2019adh\u00e9rence des anciennes couches n\u2019est pas d\u00e9favorablement influenc\u00e9e. Eliminer tous particules non-adh\u00e9rents et peintures \u00e9caill\u00e9es.<\/p>\n<p>Etant donn\u00e9 le risque de saponification, nous recommandons de tra\u00eeter les plafonds en b\u00e9ton pr\u00e9fabriqu\u00e9 et les panneaux en Eternit frais et humides de pr\u00e9f\u00e9rence au TINAL pour int\u00e9rieur et ext\u00e9rieur. Lors de r\u00e9novations de b\u00e9ton et Eternit ancien, Lanimatt peut \u00eatre utilis\u00e9 sans probl\u00e8mes.<\/p>\n<p><strong>Forme de livraison:<\/strong><br \/>\nBidons rond en fer blanc \u00e0 20 kg net convenant particuli\u00e8rement \u00e0 l\u2019application au rouleau.<\/p>\n","protected":false},"excerpt":{"rendered":"<p>Peinture mate pour plafonds, faible en tension, contient des solvants<\/p>\n","protected":false},"featured_media":1074,"template":"","meta":{"_acf_changed":false,"_seopress_robots_primary_cat":"none","_seopress_titles_title":"Peinture mate pour plafonds%%sep%%Peinture extra mate%%sep%%Lanimatt","_seopress_titles_desc":"Peinture mate, faible en tension avec bonnes propri\u00e9t\u00e9s d\u2019application directe.","_seopress_robots_index":"","_trash_the_other_posts":false,"editor_notices":[]},"product_brand":[],"product_cat":[168],"product_tag":[171,172,170,169],"class_list":{"0":"post-462","1":"product","2":"type-product","3":"status-publish","4":"has-post-thumbnail","6":"product_cat-peintures-mate","7":"product_tag-lanimatt","8":"product_tag-peinture-mate","9":"product_tag-peinture-mate-pour-plafonds","10":"product_tag-peinture-pour-plafonds","12":"first","13":"instock","14":"taxable","15":"shipping-taxable","16":"purchasable","17":"product-type-simple"},"acf":[],"_links":{"self":[{"href":"https:\/\/www.lanit.ch\/fr\/wp-json\/wp\/v2\/product\/462","targetHints":{"allow":["GET"]}}],"collection":[{"href":"https:\/\/www.lanit.ch\/fr\/wp-json\/wp\/v2\/product"}],"about":[{"href":"https:\/\/www.lanit.ch\/fr\/wp-json\/wp\/v2\/types\/product"}],"wp:featuredmedia":[{"embeddable":true,"href":"https:\/\/www.lanit.ch\/fr\/wp-json\/wp\/v2\/media\/1074"}],"wp:attachment":[{"href":"https:\/\/www.lanit.ch\/fr\/wp-json\/wp\/v2\/media?parent=462"}],"wp:term":[{"taxonomy":"product_brand","embeddable":true,"href":"https:\/\/www.lanit.ch\/fr\/wp-json\/wp\/v2\/product_brand?post=462"},{"taxonomy":"product_cat","embeddable":true,"href":"https:\/\/www.lanit.ch\/fr\/wp-json\/wp\/v2\/product_cat?post=462"},{"taxonomy":"product_tag","embeddable":true,"href":"https:\/\/www.lanit.ch\/fr\/wp-json\/wp\/v2\/product_tag?post=462"}],"curies":[{"name":"wp","href":"https:\/\/api.w.org\/{rel}","templated":true}]}}