{"id":391,"date":"2021-04-19T07:57:32","date_gmt":"2021-04-19T07:57:32","guid":{"rendered":"https:\/\/www.lanit.ch\/fr\/?post_type=product&#038;p=391"},"modified":"2022-01-08T09:14:17","modified_gmt":"2022-01-08T09:14:17","slug":"lanex-nettoyeur-pour-graffitis","status":"publish","type":"product","link":"https:\/\/www.lanit.ch\/fr\/produkt\/lanex-nettoyeur-pour-graffitis\/","title":{"rendered":"LANEX NETTOYEUR POUR GRAFFITIS"},"content":{"rendered":"<h1>Produit efficace, faible en odeur pour eliminer les graffitis ind\u00e9sirables, aussi sur des supports d\u00e9licats<\/h1>\n<p><strong>Composition:<\/strong><br \/>\nSolvants semi-volantils de choix, appartenant aux classe 1 en ce qui concerne leur novicit\u00e9 \u00e0 l'eau, emulsifiants, g\u00e9lifiants et additives min\u00e9rales.Teneur en COV (CH): 0%<\/p>\n<p><strong>Aspect:<\/strong><br \/>\nBeige<\/p>\n<p><strong>Consistance:<\/strong><br \/>\nP\u00e2teux<\/p>\n<p><strong>Propri\u00e9t\u00e9s:<\/strong><br \/>\nLANEX elimine des graffitis et feutres ind\u00e9sirables sur des murs, acier, aluminium, verre, mati\u00e8re plastique et des surfaces peinte. Sur des surfaces peinte il faut contr\u00f4ler si le support ne soit pas attaquer.<\/p>\n<p><strong>Forme de livraison:<\/strong><br \/>\nbidons de 1, 5, et 10 kg net<\/p>\n","protected":false},"excerpt":{"rendered":"<p>Produit efficace, faible en odeur pour eliminer les graffitis ind\u00e9sirables, aussi sur des supports d\u00e9licats. Sans taxe COV<\/p>\n","protected":false},"featured_media":1082,"template":"","meta":{"_acf_changed":false,"_seopress_robots_primary_cat":"none","_seopress_titles_title":"Nettoyeur pour graffitis%%sep%%LANEX","_seopress_titles_desc":"LANEX elimine des graffitis et feutres ind\u00e9sirables sur des murs, acier, aluminium, verre, mati\u00e8re plastique et des surfaces peinte. Sur des surfaces peinte il faut contr\u00f4ler si le support ne soit pas attaquer.","_seopress_robots_index":"","_trash_the_other_posts":false,"editor_notices":[]},"product_brand":[],"product_cat":[134],"product_tag":[135,137,138,136],"class_list":{"0":"post-391","1":"product","2":"type-product","3":"status-publish","4":"has-post-thumbnail","6":"product_cat-dissolvant-de-graffitis","7":"product_tag-dissolvant-de-graffitis","8":"product_tag-lanex","9":"product_tag-lanex-gel","10":"product_tag-nettoyeur-graffitis","12":"first","13":"instock","14":"taxable","15":"shipping-taxable","16":"purchasable","17":"product-type-simple"},"acf":[],"_links":{"self":[{"href":"https:\/\/www.lanit.ch\/fr\/wp-json\/wp\/v2\/product\/391","targetHints":{"allow":["GET"]}}],"collection":[{"href":"https:\/\/www.lanit.ch\/fr\/wp-json\/wp\/v2\/product"}],"about":[{"href":"https:\/\/www.lanit.ch\/fr\/wp-json\/wp\/v2\/types\/product"}],"wp:featuredmedia":[{"embeddable":true,"href":"https:\/\/www.lanit.ch\/fr\/wp-json\/wp\/v2\/media\/1082"}],"wp:attachment":[{"href":"https:\/\/www.lanit.ch\/fr\/wp-json\/wp\/v2\/media?parent=391"}],"wp:term":[{"taxonomy":"product_brand","embeddable":true,"href":"https:\/\/www.lanit.ch\/fr\/wp-json\/wp\/v2\/product_brand?post=391"},{"taxonomy":"product_cat","embeddable":true,"href":"https:\/\/www.lanit.ch\/fr\/wp-json\/wp\/v2\/product_cat?post=391"},{"taxonomy":"product_tag","embeddable":true,"href":"https:\/\/www.lanit.ch\/fr\/wp-json\/wp\/v2\/product_tag?post=391"}],"curies":[{"name":"wp","href":"https:\/\/api.w.org\/{rel}","templated":true}]}}