{"id":361,"date":"2021-04-19T05:21:52","date_gmt":"2021-04-19T05:21:52","guid":{"rendered":"https:\/\/www.lanit.ch\/fr\/?post_type=product&#038;p=361"},"modified":"2022-01-06T12:01:42","modified_gmt":"2022-01-06T12:01:42","slug":"lz-liquid","status":"publish","type":"product","link":"https:\/\/www.lanit.ch\/fr\/produkt\/lz-liquid\/","title":{"rendered":"LZ-LIQUIDE"},"content":{"rendered":"<h1>Vielzweckreiniger in konzentrierter Form<\/h1>\n<p>W\u00e4ssriger, pH-neutraler Vielzweckreiniger in konzentrierter Form. Entfernt Schmutz, Rauch, Russr\u00fcckst\u00e4nde, emulgiert Oele und Fette.<\/p>\n<p><strong>Zusammensetzung:<\/strong><br \/>\nDemin. Wasser, ca 7% organ. L\u00f6semittel, Tenside, Komplexbildner, Konservierungsmittel, Verdicker, Farbstoff, Duftnote.<\/p>\n<p><strong>Aussehen:<\/strong><br \/>\nschwach r\u00f6tlich<\/p>\n<p><strong>Konsistenz:<\/strong><br \/>\nca 130 mPa\u2022sec\/20\u00b0, leicht verdickt<\/p>\n<p><strong>Eigenschaften:<\/strong><br \/>\nEntfernt Schmutz, Rauch und Russr\u00fcckst\u00e4nde, emulgiert Oele und Fette. Reinigt Oberfl\u00e4chen, ohne diese anzugreifen.<\/p>\n<p><strong>Lieferform:<\/strong><br \/>\nKunststoff-Flaschen mit 1000 ml Nettoinhalt<\/p>\n","protected":false},"excerpt":{"rendered":"<p>Reinigt Oberfl\u00e4chen ohne diese anzugreifen. Biologisch abbaubar - frei von Alkalien, Salzen, S\u00e4uren und Phosphaten.<\/p>\n","protected":false},"featured_media":1085,"template":"","meta":{"_acf_changed":false,"_seopress_robots_primary_cat":"none","_seopress_titles_title":"Sprayreiniger%%sep%%Universalreiniger%%sep%%Fettentferner%%sep%%LZ Spray","_seopress_titles_desc":"Universalreiniger und Fettentferner. Sprayreiniger einfach Aufspr\u00fchen und trocken abwischen, geeignet f\u00fcr alle nichtsaugenden Oberfl\u00e4chen wie Glas, Keramik, Metall, Kunststoff sowie lackierte Fl\u00e4chen. Biologisch abbaubar und r\u00fcckstandsfrei.","_seopress_robots_index":"","_trash_the_other_posts":false,"editor_notices":[]},"product_brand":[],"product_cat":[117],"product_tag":[124,122,126,125,123],"class_list":{"0":"post-361","1":"product","2":"type-product","3":"status-publish","4":"has-post-thumbnail","6":"product_cat-nettoyeur-universel","7":"product_tag-lz-liquid","8":"product_tag-nettoyant-a-graisse","9":"product_tag-nettoyant-multi-usages","10":"product_tag-nettoyeur-lz","11":"product_tag-universalreiniger","13":"first","14":"instock","15":"taxable","16":"shipping-taxable","17":"purchasable","18":"product-type-simple"},"acf":[],"_links":{"self":[{"href":"https:\/\/www.lanit.ch\/fr\/wp-json\/wp\/v2\/product\/361","targetHints":{"allow":["GET"]}}],"collection":[{"href":"https:\/\/www.lanit.ch\/fr\/wp-json\/wp\/v2\/product"}],"about":[{"href":"https:\/\/www.lanit.ch\/fr\/wp-json\/wp\/v2\/types\/product"}],"wp:featuredmedia":[{"embeddable":true,"href":"https:\/\/www.lanit.ch\/fr\/wp-json\/wp\/v2\/media\/1085"}],"wp:attachment":[{"href":"https:\/\/www.lanit.ch\/fr\/wp-json\/wp\/v2\/media?parent=361"}],"wp:term":[{"taxonomy":"product_brand","embeddable":true,"href":"https:\/\/www.lanit.ch\/fr\/wp-json\/wp\/v2\/product_brand?post=361"},{"taxonomy":"product_cat","embeddable":true,"href":"https:\/\/www.lanit.ch\/fr\/wp-json\/wp\/v2\/product_cat?post=361"},{"taxonomy":"product_tag","embeddable":true,"href":"https:\/\/www.lanit.ch\/fr\/wp-json\/wp\/v2\/product_tag?post=361"}],"curies":[{"name":"wp","href":"https:\/\/api.w.org\/{rel}","templated":true}]}}