{"id":327,"date":"2021-04-18T20:30:13","date_gmt":"2021-04-18T20:30:13","guid":{"rendered":"https:\/\/www.lanit.ch\/fr\/?post_type=product&#038;p=327"},"modified":"2022-03-15T11:33:34","modified_gmt":"2022-03-15T11:33:34","slug":"x-grey-entgrauer","status":"publish","type":"product","link":"https:\/\/www.lanit.ch\/fr\/produkt\/x-grey-entgrauer\/","title":{"rendered":"X-GREY ANTIGRIS"},"content":{"rendered":"<h1>D\u00e9tergents pour surfaces en bois<\/h1>\n<p>X-Grey est un produit de nettoyage actif et puissant, pr\u00eat \u00e0 l\u2019emploi. Il nettoie toutes les surfaces alt\u00e9r\u00e9es.<\/p>\n<p><strong>Propri\u00e9t\u00e9s:<\/strong><br \/>\n- Nettoie tous types de surfaces : peintures, \u00e9maux, bois, pierre, plastique et autres.<br \/>\n- Efficacit\u00e9 p\u00e9n\u00e9trante<br \/>\n- D\u00e9colore la salet\u00e9 organique (effet blanchissant)<br \/>\n- Effet nettoyant \u00e9claircissant<br \/>\n- Sans solvant<\/p>\n<p>Portez des lunettes de protection, des v\u00eatements de protection et des gants en n\u00e9opr\u00e8ne ou en caoutchouc naturel pendant l'utilisation.<\/p>\n<p>Ne pas m\u00e9langer X-Grey avec d'autres produits. \u00c9viter le contact avec les m\u00e9taux. &lt;1.<\/p>\n<p><strong>Forme de livraison:<\/strong><br \/>\nSpray \u00e0 500 ml, Gebinde \u00e0 1, 5 und 10 kg netto<\/p>\n","protected":false},"excerpt":{"rendered":"<p>X-Grey est un produit de nettoyage actif et puissant, pr\u00eat \u00e0 l\u2019emploi. Il nettoie toutes les surfaces alt\u00e9r\u00e9es.<\/p>\n","protected":false},"featured_media":1087,"template":"","meta":{"_acf_changed":false,"_seopress_robots_primary_cat":"none","_seopress_titles_title":"X-GREY ANTIGRIS%%sep%%Nettoyeur pour bois","_seopress_titles_desc":"X-Grey est un produit de nettoyage actif et puissant, pr\u00eat \u00e0 l\u2019emploi. Il nettoie toutes les surfaces alt\u00e9r\u00e9es.","_seopress_robots_index":"","_trash_the_other_posts":false,"editor_notices":[]},"product_brand":[],"product_cat":[96],"product_tag":[103,104,105,106],"class_list":{"0":"post-327","1":"product","2":"type-product","3":"status-publish","4":"has-post-thumbnail","6":"product_cat-eclaircissant","7":"product_tag-blanchit","8":"product_tag-nettoyant-pour-bois","9":"product_tag-nettoyeur-pour-bois","10":"product_tag-x-gray","12":"first","13":"instock","14":"taxable","15":"shipping-taxable","16":"purchasable","17":"product-type-simple"},"acf":[],"_links":{"self":[{"href":"https:\/\/www.lanit.ch\/fr\/wp-json\/wp\/v2\/product\/327","targetHints":{"allow":["GET"]}}],"collection":[{"href":"https:\/\/www.lanit.ch\/fr\/wp-json\/wp\/v2\/product"}],"about":[{"href":"https:\/\/www.lanit.ch\/fr\/wp-json\/wp\/v2\/types\/product"}],"wp:featuredmedia":[{"embeddable":true,"href":"https:\/\/www.lanit.ch\/fr\/wp-json\/wp\/v2\/media\/1087"}],"wp:attachment":[{"href":"https:\/\/www.lanit.ch\/fr\/wp-json\/wp\/v2\/media?parent=327"}],"wp:term":[{"taxonomy":"product_brand","embeddable":true,"href":"https:\/\/www.lanit.ch\/fr\/wp-json\/wp\/v2\/product_brand?post=327"},{"taxonomy":"product_cat","embeddable":true,"href":"https:\/\/www.lanit.ch\/fr\/wp-json\/wp\/v2\/product_cat?post=327"},{"taxonomy":"product_tag","embeddable":true,"href":"https:\/\/www.lanit.ch\/fr\/wp-json\/wp\/v2\/product_tag?post=327"}],"curies":[{"name":"wp","href":"https:\/\/api.w.org\/{rel}","templated":true}]}}