{"id":315,"date":"2021-04-18T20:24:59","date_gmt":"2021-04-18T20:24:59","guid":{"rendered":"https:\/\/www.lanit.ch\/fr\/?post_type=product&#038;p=315"},"modified":"2022-05-21T10:33:19","modified_gmt":"2022-05-21T10:33:19","slug":"mexo-eclaircissant-pour-bois","status":"publish","type":"product","link":"https:\/\/www.lanit.ch\/fr\/produkt\/mexo-eclaircissant-pour-bois\/","title":{"rendered":"MEXO ECLAIRCISSANT POUR BOIS"},"content":{"rendered":"<h1>Eclaircissant pour bois<\/h1>\n<p>Gr\u00e2ce \u00e0 un traitement MEXO, le bois de ch\u00eane fonc\u00e9 regagne, pour toujours, sa teinte claire, naturelle. Tr\u00e8s acide. Valeur pH &lt; 1.<\/p>\n<p><strong>Compostition:<\/strong><br \/>\nAcide oxalique, oxalate alcalin, \u00e9paississant en suspension aqueuse.<\/p>\n<p><strong>Aspect:<\/strong><br \/>\nblanch\u00e2tre, opaque<\/p>\n<p><strong>Consistance:<\/strong><br \/>\np\u00e2teux<\/p>\n<p><strong>Propri\u00e9t\u00e9s:<\/strong><br \/>\nGr\u00e2ce \u00e0 un traitement MEXO, le bois de ch\u00eane fonc\u00e9 regagne, pour toujours, sa teinte claire, naturelle. Tr\u00e8s acide. Valeur pH &lt; 1.<\/p>\n<p><strong>Forme de livraison:<\/strong><br \/>\nBidons \u00e0 1, 2 et 10 kg net. F\u00fbt \u00e0 130 kg net.<\/p>\n","protected":false},"excerpt":{"rendered":"<p>Gr\u00e2ce \u00e0 un traitement MEXO, le bois de ch\u00eane fonc\u00e9 regagne, pour toujours, sa teinte claire, naturelle.<\/p>\n","protected":false},"featured_media":1088,"template":"","meta":{"_acf_changed":false,"_seopress_robots_primary_cat":"none","_seopress_titles_title":"MEXO Eclaircissant pour bois%%sep%%Eclaircissant pour bois ch\u00eane","_seopress_titles_desc":"Gr\u00e2ce \u00e0 un traitement MEXO, le bois de ch\u00eane fonc\u00e9 regagne, pour toujours, sa teinte claire, naturelle.","_seopress_robots_index":"","_trash_the_other_posts":false,"editor_notices":[]},"product_brand":[],"product_cat":[96],"product_tag":[61,100,101,102],"class_list":{"0":"post-315","1":"product","2":"type-product","3":"status-publish","4":"has-post-thumbnail","6":"product_cat-eclaircissant","7":"product_tag-eclaircissant-bois-de-chene","8":"product_tag-eclaircissant-pour-bois","9":"product_tag-mexo","10":"product_tag-mexo-eclaircissant-pour-bois","12":"first","13":"instock","14":"taxable","15":"shipping-taxable","16":"purchasable","17":"product-type-simple"},"acf":[],"_links":{"self":[{"href":"https:\/\/www.lanit.ch\/fr\/wp-json\/wp\/v2\/product\/315","targetHints":{"allow":["GET"]}}],"collection":[{"href":"https:\/\/www.lanit.ch\/fr\/wp-json\/wp\/v2\/product"}],"about":[{"href":"https:\/\/www.lanit.ch\/fr\/wp-json\/wp\/v2\/types\/product"}],"wp:featuredmedia":[{"embeddable":true,"href":"https:\/\/www.lanit.ch\/fr\/wp-json\/wp\/v2\/media\/1088"}],"wp:attachment":[{"href":"https:\/\/www.lanit.ch\/fr\/wp-json\/wp\/v2\/media?parent=315"}],"wp:term":[{"taxonomy":"product_brand","embeddable":true,"href":"https:\/\/www.lanit.ch\/fr\/wp-json\/wp\/v2\/product_brand?post=315"},{"taxonomy":"product_cat","embeddable":true,"href":"https:\/\/www.lanit.ch\/fr\/wp-json\/wp\/v2\/product_cat?post=315"},{"taxonomy":"product_tag","embeddable":true,"href":"https:\/\/www.lanit.ch\/fr\/wp-json\/wp\/v2\/product_tag?post=315"}],"curies":[{"name":"wp","href":"https:\/\/api.w.org\/{rel}","templated":true}]}}