{"id":305,"date":"2021-04-18T20:14:03","date_gmt":"2021-04-18T20:14:03","guid":{"rendered":"https:\/\/www.lanit.ch\/fr\/?post_type=product&#038;p=305"},"modified":"2022-01-06T11:22:19","modified_gmt":"2022-01-06T11:22:19","slug":"lt-87-sel-de-neutralisation","status":"publish","type":"product","link":"https:\/\/www.lanit.ch\/fr\/produkt\/lt-87-sel-de-neutralisation\/","title":{"rendered":"LT 87 SEL DE NEUTRALISATION"},"content":{"rendered":"<h1>SEL DE NEUTRALISATION LT 87<\/h1>\n<p>Neutralisant acide, favorable \u00e0 l\u2019environnement<\/p>\n<p><strong>Composition:<\/strong><br \/>\nAcide amidosulfonique 100 % (acide sulfamique)<\/p>\n<p><strong>Aspect:<\/strong><br \/>\nIncolore, cristallin-vitreux<\/p>\n<p><strong>Concistance:<\/strong><br \/>\nPoudre cristalline solide, facilement soluble dans l\u2019eau.<\/p>\n<p><strong>Propri\u00e9t\u00e9s:<\/strong><br \/>\nAcide sous forme cristalline solide, presqu\u2019atoxique, non combustible, non hygroscopique. Il convient tout-de-m\u00eame de prot\u00e9ger le produit contre les \u00e9claboussures d\u2019eau \u00e9tant donn\u00e9 sa tendance \u00e0 former des grumeaux. Le produit forme des sels calcaires solubles \u00e0 l\u2019eau et sert d\u2019acide forte pour neutraliser les exc\u00e9dents d\u2019alcalis lors de travaux ex\u00e9cut\u00e9s sur chantier au moyen de Farbex ou<br \/>\nFarbex-Sp\u00e9cial. Neutralisant particuli\u00e8rement inoffensif du point de vue biologique (sol) et physiologique. (Utilisation m\u00eame pour la conservation de fourrage vert.)<\/p>\n<p><strong>Forme de livraison:<\/strong><br \/>\nBidons en plastique de 6, 12 et 25 kgs poids net.<\/p>\n","protected":false},"excerpt":{"rendered":"<p>Neutralisant acide, favorable \u00e0 l\u2019environnement<\/p>\n","protected":false},"featured_media":1089,"template":"","meta":{"_acf_changed":false,"_seopress_robots_primary_cat":"none","_seopress_titles_title":"SEL DE NEUTRALISATION%%sep%%LT 87","_seopress_titles_desc":"Acide sous forme cristalline solide, presqu\u2019atoxique, non combustible, non hygroscopique. Il convient tout-de-m\u00eame de prot\u00e9ger le produit contre les \u00e9claboussures d\u2019eau \u00e9tant donn\u00e9 sa tendance \u00e0 former des grumeaux. ","_seopress_robots_index":"","_trash_the_other_posts":false,"editor_notices":[]},"product_brand":[],"product_cat":[87],"product_tag":[93,94,88,91,92],"class_list":{"0":"post-305","1":"product","2":"type-product","3":"status-publish","4":"has-post-thumbnail","6":"product_cat-neutralisateur","7":"product_tag-lt-87","8":"product_tag-lt-87-sel-de-neutralisation","9":"product_tag-neutralisant-alcalin","10":"product_tag-neutralisateur","11":"product_tag-neutralisation-alcalis","13":"first","14":"instock","15":"taxable","16":"shipping-taxable","17":"purchasable","18":"product-type-simple"},"acf":[],"_links":{"self":[{"href":"https:\/\/www.lanit.ch\/fr\/wp-json\/wp\/v2\/product\/305","targetHints":{"allow":["GET"]}}],"collection":[{"href":"https:\/\/www.lanit.ch\/fr\/wp-json\/wp\/v2\/product"}],"about":[{"href":"https:\/\/www.lanit.ch\/fr\/wp-json\/wp\/v2\/types\/product"}],"wp:featuredmedia":[{"embeddable":true,"href":"https:\/\/www.lanit.ch\/fr\/wp-json\/wp\/v2\/media\/1089"}],"wp:attachment":[{"href":"https:\/\/www.lanit.ch\/fr\/wp-json\/wp\/v2\/media?parent=305"}],"wp:term":[{"taxonomy":"product_brand","embeddable":true,"href":"https:\/\/www.lanit.ch\/fr\/wp-json\/wp\/v2\/product_brand?post=305"},{"taxonomy":"product_cat","embeddable":true,"href":"https:\/\/www.lanit.ch\/fr\/wp-json\/wp\/v2\/product_cat?post=305"},{"taxonomy":"product_tag","embeddable":true,"href":"https:\/\/www.lanit.ch\/fr\/wp-json\/wp\/v2\/product_tag?post=305"}],"curies":[{"name":"wp","href":"https:\/\/api.w.org\/{rel}","templated":true}]}}