{"id":294,"date":"2021-04-18T20:06:18","date_gmt":"2021-04-18T20:06:18","guid":{"rendered":"https:\/\/www.lanit.ch\/fr\/?post_type=product&#038;p=294"},"modified":"2022-01-06T11:27:15","modified_gmt":"2022-01-06T11:27:15","slug":"lt-66-neutralisant-pour-alcalis","status":"publish","type":"product","link":"https:\/\/www.lanit.ch\/fr\/produkt\/lt-66-neutralisant-pour-alcalis\/","title":{"rendered":"LT 66 NEUTRALISANT POUR ALCALIS"},"content":{"rendered":"<h1>LT 66 Neutralisant pour alcalis<\/h1>\n<p>Neutralise les alcalins en solution aqueuse en formant des sels particuli\u00e8rement solubles \u00e0 l\u2019eau, facilement biod\u00e9gradables dans les stations d\u2019\u00e9puration.<\/p>\n<p><strong>Composition:<\/strong><br \/>\nSolution d\u2019acide ac\u00e9tique concentr\u00e9e<\/p>\n<p><strong>Aspect:<\/strong><br \/>\nincolore<\/p>\n<p><strong>Consistance:<\/strong><br \/>\nfluide, env. 1,5 mPa.sec\/20\u00ba<\/p>\n<p><strong>Propri\u00e9t\u00e9s:<\/strong><br \/>\nNeutralise les alcalins en solution aqueuse en formant des sels particuli\u00e8rement solubles \u00e0 l\u2019eau, facilement biod\u00e9gradables dans les stations d\u2019\u00e9puration.<\/p>\n<p><strong>Application:<\/strong><\/p>\n<p>a) Neutralisation d\u2019exc\u00e9dents alcalins sur un support, par application au pinceau:<br \/>\n1 partie de LT 66 \u00e0 diluer avec 15 parties d\u2019eau<\/p>\n<p>b) Dans un bain neutralisant:<br \/>\n1 partie de LT 66 \u00e0 diluer avec 20 parties d\u2019eau. Neutraliser pendant 5 minutes les objets d\u00e9cap\u00e9s encore mouill\u00e9s, ensuite tremper ou rincer \u00e0 l\u2019eau. Contr\u00f4ler la neutralisation \u00e0 l\u2019aide de papier de tournesol, papier pH ou pHm\u00e8tre.<\/p>\n<p>c) La neutralisation d\u2019eaux r\u00e9siduaires alcalines se fait dans un r\u00e9cipient \u00e0 m\u00e9langer appropri\u00e9. Bien agiter et contr\u00f4ler la valeur pH. les solutions concentr\u00e9es auxquelles on a ajout\u00e9 le neutralisant LT 66, peuvent d\u00e9velopper une chaleur consid\u00e9rable.<\/p>\n<p>Dilu\u00e9 avec env. 20 parties d\u2019eau, LT 66 convient aussi au nettoyage acide de pierres. Le voile calcaire sur les carreaux, le tartre etc. s\u2019\u00e9liminent avec m\u00e9nagement. Prudence lors de l\u2019emploi sur cr\u00e9pi, b\u00e9ton et pierres calcaires tendres ! Rincer soigneusement! Une action prolong\u00e9e ou une concentration trop \u00e9lev\u00e9e peuvent causer des d\u00e9gats dus \u00e0 un effet caustique.<\/p>\n<p><strong>Forme de livraison:<\/strong><br \/>\nEmballages en plastique de 6, 12 et 25 kg poids net.<\/p>\n","protected":false},"excerpt":{"rendered":"<p>Neutralise les alcalins en solution aqueuse en formant des sels particuli\u00e8rement solubles \u00e0 l\u2019eau, facilement biod\u00e9gradables dans les stations d\u2019\u00e9puration.<\/p>\n","protected":false},"featured_media":1090,"template":"","meta":{"_acf_changed":false,"_seopress_robots_primary_cat":"none","_seopress_titles_title":"Neutralisateur%%sep%%LT 66 Neutralisant pour alcalis","_seopress_titles_desc":"Neutralise les alcalins en solution aqueuse en formant des sels particuli\u00e8rement solubles \u00e0 l\u2019eau, facilement biod\u00e9gradables dans les stations d\u2019\u00e9puration. ","_seopress_robots_index":"","_trash_the_other_posts":false,"editor_notices":[]},"product_brand":[],"product_cat":[87],"product_tag":[89,90,88,91,92],"class_list":{"0":"post-294","1":"product","2":"type-product","3":"status-publish","4":"has-post-thumbnail","6":"product_cat-neutralisateur","7":"product_tag-lt-66","8":"product_tag-lt66-neutralisant-pour-alcalis","9":"product_tag-neutralisant-alcalin","10":"product_tag-neutralisateur","11":"product_tag-neutralisation-alcalis","13":"first","14":"instock","15":"taxable","16":"shipping-taxable","17":"purchasable","18":"product-type-simple"},"acf":[],"_links":{"self":[{"href":"https:\/\/www.lanit.ch\/fr\/wp-json\/wp\/v2\/product\/294","targetHints":{"allow":["GET"]}}],"collection":[{"href":"https:\/\/www.lanit.ch\/fr\/wp-json\/wp\/v2\/product"}],"about":[{"href":"https:\/\/www.lanit.ch\/fr\/wp-json\/wp\/v2\/types\/product"}],"wp:featuredmedia":[{"embeddable":true,"href":"https:\/\/www.lanit.ch\/fr\/wp-json\/wp\/v2\/media\/1090"}],"wp:attachment":[{"href":"https:\/\/www.lanit.ch\/fr\/wp-json\/wp\/v2\/media?parent=294"}],"wp:term":[{"taxonomy":"product_brand","embeddable":true,"href":"https:\/\/www.lanit.ch\/fr\/wp-json\/wp\/v2\/product_brand?post=294"},{"taxonomy":"product_cat","embeddable":true,"href":"https:\/\/www.lanit.ch\/fr\/wp-json\/wp\/v2\/product_cat?post=294"},{"taxonomy":"product_tag","embeddable":true,"href":"https:\/\/www.lanit.ch\/fr\/wp-json\/wp\/v2\/product_tag?post=294"}],"curies":[{"name":"wp","href":"https:\/\/api.w.org\/{rel}","templated":true}]}}