{"id":254,"date":"2021-04-18T19:30:12","date_gmt":"2021-04-18T19:30:12","guid":{"rendered":"https:\/\/www.lanit.ch\/fr\/?post_type=product&#038;p=254"},"modified":"2022-05-21T10:36:03","modified_gmt":"2022-05-21T10:36:03","slug":"pierrit","status":"publish","type":"product","link":"https:\/\/www.lanit.ch\/fr\/produkt\/pierrit\/","title":{"rendered":"PIERRIT"},"content":{"rendered":"<h1><strong>Produit \u00e0 nettoyer et r\u00e9g\u00e9n\u00e9rer le pierres dures. Diluable \u00e0 l\u2019eau. <\/strong><\/h1>\n<p>Produit de nettoyage acide. Pouvoir mouillant et p\u00e9n\u00e9tration \u00e9lev\u00e9s.<\/p>\n<p><strong>Composition:<\/strong><br \/>\nSolution aqueuse d\u2019acide phosphorique, agents mouillants et \u00e9paississants. Exempt d\u2019acide fluorhydrique.<\/p>\n<p><strong>Aspect:<\/strong><br \/>\nincolore<\/p>\n<p><strong>Consistance:<\/strong><br \/>\nL\u00e9g\u00e8rement \u00e9pais, env. 5 mPa sec.<\/p>\n<p><strong>Propri\u00e9t\u00e9s:<\/strong><br \/>\nProduit de nettoyage acide. Pouvoir mouillant et p\u00e9n\u00e9tration \u00e9lev\u00e9s. Convient pour le traitement de pierres naturelles dures, c\u2019est-\u00e0-dire particuli\u00e8rement le granit et la lave basaltique. Sous certaines r\u00e9serves, il s\u2019emploie aussi pour l\u2019ardoise, le clinker et le briques \u00e9maill\u00e9es. Ne convient pas, entre autres, pour: Pierres calcaires, gr\u00e8s, trass, travertin, pierres naturelles polies, cr\u00e9pi min\u00e9ral, b\u00e9ton de tout genre. Elimine de mani\u00e8re efficace des souillures diverses, il s\u2019utilise aussi pour d\u00e9tacher les algues et les lichens. Les surfaces ainsi nettoy\u00e9es doivent \u00eatre trait\u00e9es ensuite au moyen de notre produit Germicide.<br \/>\nAttention ! Pierrit attaque les m\u00e9taux tels que l\u2019aluminium, le zinc, le cuivre etc. ainsi que les plantes. On prendra donc soin de les prot\u00e9ger soigneusement contre les \u00e9claboussures de Pierrit et d\u2019eau de lavage. Pierrit a une r\u00e9action fortement acide (pH - 1)<\/p>\n<p><strong>Livraison:<\/strong><br \/>\nBidons en plastique de 1, 7, et 15 kgs poids net.<\/p>\n","protected":false},"excerpt":{"rendered":"<p>Produit \u00e0 nettoyer et r\u00e9g\u00e9n\u00e9rer le pierres dures. Diluable \u00e0 l\u2019eau.<\/p>\n","protected":false},"featured_media":1094,"template":"","meta":{"_acf_changed":false,"_seopress_robots_primary_cat":"none","_seopress_titles_title":"Nettoyeur pour pierres%%sep%%Nettoyeur pour pierres dures%%sep%%Pierrit","_seopress_titles_desc":"Produit \u00e0 nettoyer et r\u00e9g\u00e9n\u00e9rer le pierres dures. Diluable \u00e0 l\u2019eau. Convient pour le traitement de pierres naturelles dures, c\u2019est-\u00e0-dire particuli\u00e8rement le granit et la lave basaltique. Sous certaines r\u00e9serves, il s\u2019emploie aussi pour l\u2019ardoise, le clinker et le briques \u00e9maill\u00e9es. \r\n","_seopress_robots_index":"","_trash_the_other_posts":false,"editor_notices":[]},"product_brand":[],"product_cat":[63],"product_tag":[41,70,71,73,72],"class_list":{"0":"post-254","1":"product","2":"type-product","3":"status-publish","4":"has-post-thumbnail","6":"product_cat-nettoyeur-pour-pierres","7":"product_tag-nettoyeur","8":"product_tag-nettoyeur-pierres-dures","9":"product_tag-nettoyeur-pour-pierres-dures","10":"product_tag-pierrit","11":"product_tag-regenerateur","13":"first","14":"instock","15":"taxable","16":"shipping-taxable","17":"purchasable","18":"product-type-simple"},"acf":[],"_links":{"self":[{"href":"https:\/\/www.lanit.ch\/fr\/wp-json\/wp\/v2\/product\/254","targetHints":{"allow":["GET"]}}],"collection":[{"href":"https:\/\/www.lanit.ch\/fr\/wp-json\/wp\/v2\/product"}],"about":[{"href":"https:\/\/www.lanit.ch\/fr\/wp-json\/wp\/v2\/types\/product"}],"wp:featuredmedia":[{"embeddable":true,"href":"https:\/\/www.lanit.ch\/fr\/wp-json\/wp\/v2\/media\/1094"}],"wp:attachment":[{"href":"https:\/\/www.lanit.ch\/fr\/wp-json\/wp\/v2\/media?parent=254"}],"wp:term":[{"taxonomy":"product_brand","embeddable":true,"href":"https:\/\/www.lanit.ch\/fr\/wp-json\/wp\/v2\/product_brand?post=254"},{"taxonomy":"product_cat","embeddable":true,"href":"https:\/\/www.lanit.ch\/fr\/wp-json\/wp\/v2\/product_cat?post=254"},{"taxonomy":"product_tag","embeddable":true,"href":"https:\/\/www.lanit.ch\/fr\/wp-json\/wp\/v2\/product_tag?post=254"}],"curies":[{"name":"wp","href":"https:\/\/api.w.org\/{rel}","templated":true}]}}