{"id":227,"date":"2021-04-18T19:07:07","date_gmt":"2021-04-18T19:07:07","guid":{"rendered":"https:\/\/www.lanit.ch\/fr\/?post_type=product&#038;p=227"},"modified":"2022-05-21T14:29:42","modified_gmt":"2022-05-21T14:29:42","slug":"super-firox","status":"publish","type":"product","link":"https:\/\/www.lanit.ch\/fr\/produkt\/super-firox\/","title":{"rendered":"SUPER FIROX"},"content":{"rendered":"<h1><strong>D\u00e9capant p\u00e2teux diluable \u00e0 l\u2019eau pour bois de ch\u00eane <\/strong><\/h1>\n<p>Exerce un effet saponifiant sur les liants \u00e0 base d\u2019huiles v\u00e9g\u00e9tales (peintures et vernis \u00e0 l\u2019huile) en les rendant solubles \u00e0 l\u2019eau.<\/p>\n<p><strong>Composition:<\/strong><br \/>\nPhosphate alcalin, hydroxide alcalin, \u00e9paississant, agent de conservation en suspension aqueuse.<\/p>\n<p><strong>Aspect:<\/strong><br \/>\nBlanch\u00e2tre, opaque<\/p>\n<p><strong>Consistance:<\/strong><br \/>\np\u00e2teux<\/p>\n<p><strong>Propri\u00e9t\u00e9s:<\/strong><br \/>\nExerce un effet saponifiant sur les liants \u00e0 base d\u2019huiles v\u00e9g\u00e9tales (peintures et vernis \u00e0 l\u2019huile) en les rendant solubles \u00e0 l\u2019eau.<br \/>\nTr\u00e8s alcalin. Valeur pH env. 12,9<br \/>\nEfficacit\u00e9 assur\u00e9e seulement pour les vernis saponifiables.<\/p>\n<p><strong>Forme de livraison:<\/strong><br \/>\nBidons en plastique \u00e0 6,12 et 25 kg poids net.<\/p>\n","protected":false},"excerpt":{"rendered":"<p>D\u00e9capant p\u00e2teux diluable \u00e0 l\u2019eau pour bois de ch\u00eane<\/p>\n","protected":false},"featured_media":1096,"template":"","meta":{"_acf_changed":false,"_seopress_robots_primary_cat":"none","_seopress_titles_title":"D\u00e9capant alcalin%%sep%%D\u00e9capant p\u00e2teux diluable \u00e0 l\u2019eau pour bois de ch\u00eane %%sep%%Super Firox","_seopress_titles_desc":"D\u00e9capant p\u00e2teux diluable \u00e0 l\u2019eau pour bois de ch\u00eane. Exerce un effet saponifiant sur les liants \u00e0 base d\u2019huiles v\u00e9g\u00e9tales (peintures et vernis \u00e0 l\u2019huile) en les rendant solubles \u00e0 l\u2019eau.","_seopress_robots_index":"","_trash_the_other_posts":false,"editor_notices":[]},"product_brand":[],"product_cat":[47],"product_tag":[49,61,53,51],"class_list":{"0":"post-227","1":"product","2":"type-product","3":"status-publish","4":"has-post-thumbnail","6":"product_cat-decapant-alcalins","7":"product_tag-decapant-alcalins","8":"product_tag-eclaircissant-bois-de-chene","9":"product_tag-lessivage","10":"product_tag-lessive","12":"first","13":"instock","14":"taxable","15":"shipping-taxable","16":"purchasable","17":"product-type-simple"},"acf":[],"_links":{"self":[{"href":"https:\/\/www.lanit.ch\/fr\/wp-json\/wp\/v2\/product\/227","targetHints":{"allow":["GET"]}}],"collection":[{"href":"https:\/\/www.lanit.ch\/fr\/wp-json\/wp\/v2\/product"}],"about":[{"href":"https:\/\/www.lanit.ch\/fr\/wp-json\/wp\/v2\/types\/product"}],"wp:featuredmedia":[{"embeddable":true,"href":"https:\/\/www.lanit.ch\/fr\/wp-json\/wp\/v2\/media\/1096"}],"wp:attachment":[{"href":"https:\/\/www.lanit.ch\/fr\/wp-json\/wp\/v2\/media?parent=227"}],"wp:term":[{"taxonomy":"product_brand","embeddable":true,"href":"https:\/\/www.lanit.ch\/fr\/wp-json\/wp\/v2\/product_brand?post=227"},{"taxonomy":"product_cat","embeddable":true,"href":"https:\/\/www.lanit.ch\/fr\/wp-json\/wp\/v2\/product_cat?post=227"},{"taxonomy":"product_tag","embeddable":true,"href":"https:\/\/www.lanit.ch\/fr\/wp-json\/wp\/v2\/product_tag?post=227"}],"curies":[{"name":"wp","href":"https:\/\/api.w.org\/{rel}","templated":true}]}}