{"id":216,"date":"2021-04-18T19:01:16","date_gmt":"2021-04-18T19:01:16","guid":{"rendered":"https:\/\/www.lanit.ch\/fr\/?post_type=product&#038;p=216"},"modified":"2022-01-06T08:18:59","modified_gmt":"2022-01-06T08:18:59","slug":"lt-33-pour-bassins-de-decapage","status":"publish","type":"product","link":"https:\/\/www.lanit.ch\/fr\/produkt\/lt-33-pour-bassins-de-decapage\/","title":{"rendered":"LT 33 POUR BASSINS DE D\u00c9CAPAGE"},"content":{"rendered":"<h1><strong>Saponification rapide des couches de peinture \u00e0 l\u2019huile<br \/>\net de nombreuses peintures de r\u00e9sines synthm\u00e9tiques (alkydes), particuli\u00e8rement<br \/>\nsur bois.<\/strong><\/h1>\n<p>Solution aqueuse d\u2019hydroxydes alcalins, agents mouillants, \u00e9paississants.<\/p>\n<p>D\u00e9capant alcalin avec bon pouvoir mouillant. S\u2019emploie \u00e0 froid ou \u00e0 chaud dans des bassins de d\u00e9capage.<\/p>\n<p><strong>Composition:<\/strong><br \/>\nSolution aqueuse d\u2019hydroxydes alcalins, agents mouillants, \u00e9paississants.<br \/>\nTeneur en VOC: 0%<\/p>\n<p><strong>Aspect:<\/strong><br \/>\nblanch\u00e2tre, opaque<\/p>\n<p><strong>Consistance:<\/strong><br \/>\nfluide, &gt; 8 mPa.s<\/p>\n<p><strong>Propri\u00e9t\u00e9s:<\/strong><br \/>\nD\u00e9capant alcalin avec bon pouvoir mouillant. S\u2019emploie \u00e0 froid ou \u00e0 chaud dans des bassins de d\u00e9capage. Saponification rapide des couches de peinture \u00e0 l\u2019huile et de nombreuses peintures de r\u00e9sines synthm\u00e9tiques (alkydes), particuli\u00e8rement sur bois. Attention ! LT 33 attaque les m\u00e9taux tels que l\u2019aluminium et le zinc (ferrures zingu\u00e9es).<br \/>\nLT 33 est fortement alcalin (pH 14)<\/p>\n<p><strong>Forme de livraison:<\/strong><br \/>\nEmballages en plastique de 14 et 35 kg, f\u00fbts en acier de 250 kg poids net<\/p>\n","protected":false},"excerpt":{"rendered":"<p>Solution aqueuse d\u2019hydroxydes alcalins, agents mouillants, \u00e9paississants. Teneur en VOC: 0%<\/p>\n","protected":false},"featured_media":1097,"template":"","meta":{"_acf_changed":false,"_seopress_robots_primary_cat":"none","_seopress_titles_title":"D\u00e9capant pour bassins%%sep%%LT33","_seopress_titles_desc":"D\u00e9capant alcalin avec bon pouvoir mouillant. S\u2019emploie \u00e0 froid ou \u00e0 chaud dans des bassins de d\u00e9capage. Saponification rapide des couches de peinture \u00e0 l\u2019huile et de nombreuses peintures de r\u00e9sines synthm\u00e9tiques (alkydes), particuli\u00e8rement sur bois","_seopress_robots_index":"","_trash_the_other_posts":false,"editor_notices":[]},"product_brand":[],"product_cat":[47],"product_tag":[58,57,49,53,51,59],"class_list":{"0":"post-216","1":"product","2":"type-product","3":"status-publish","4":"has-post-thumbnail","6":"product_cat-decapant-alcalins","7":"product_tag-bassin-de-decapage","8":"product_tag-decapage-dans-des-bassins","9":"product_tag-decapant-alcalins","10":"product_tag-lessivage","11":"product_tag-lessive","12":"product_tag-lt33","14":"first","15":"instock","16":"taxable","17":"shipping-taxable","18":"purchasable","19":"product-type-simple"},"acf":[],"_links":{"self":[{"href":"https:\/\/www.lanit.ch\/fr\/wp-json\/wp\/v2\/product\/216","targetHints":{"allow":["GET"]}}],"collection":[{"href":"https:\/\/www.lanit.ch\/fr\/wp-json\/wp\/v2\/product"}],"about":[{"href":"https:\/\/www.lanit.ch\/fr\/wp-json\/wp\/v2\/types\/product"}],"wp:featuredmedia":[{"embeddable":true,"href":"https:\/\/www.lanit.ch\/fr\/wp-json\/wp\/v2\/media\/1097"}],"wp:attachment":[{"href":"https:\/\/www.lanit.ch\/fr\/wp-json\/wp\/v2\/media?parent=216"}],"wp:term":[{"taxonomy":"product_brand","embeddable":true,"href":"https:\/\/www.lanit.ch\/fr\/wp-json\/wp\/v2\/product_brand?post=216"},{"taxonomy":"product_cat","embeddable":true,"href":"https:\/\/www.lanit.ch\/fr\/wp-json\/wp\/v2\/product_cat?post=216"},{"taxonomy":"product_tag","embeddable":true,"href":"https:\/\/www.lanit.ch\/fr\/wp-json\/wp\/v2\/product_tag?post=216"}],"curies":[{"name":"wp","href":"https:\/\/api.w.org\/{rel}","templated":true}]}}