{"id":168,"date":"2021-04-18T17:24:28","date_gmt":"2021-04-18T17:24:28","guid":{"rendered":"https:\/\/www.lanit.ch\/fr\/?post_type=product&#038;p=168"},"modified":"2022-01-06T08:29:13","modified_gmt":"2022-01-06T08:29:13","slug":"aquadix","status":"publish","type":"product","link":"https:\/\/www.lanit.ch\/fr\/produkt\/aquadix\/","title":{"rendered":"AQUADIX"},"content":{"rendered":"<h1>D\u00e9capant universel . Faible en odeur.<\/h1>\n<p>D\u00e9capant universel . Faible en odeur. Exempt d'hydrocarbures chlor\u00e9s et aromatiques, pH-neutre.<\/p>\n<p><strong>Compostition:<\/strong><br \/>\nSolvants semi-volatils de choix, appartenant aux classe 1 en ce qui concerne leur nocivit\u00e9 \u00e0 l'eau.<br \/>\nNe contient qu'une quantit\u00e9 minime de substance \u00e0 point d'\u00e9bullition \u00e9lev\u00e9, cellesci s'\u00e9vaporent sans r\u00e9sidus et sans laisser de trace dans l'eau. Emulsifiants, g\u00e9lifiants. Teneur en COV (CH): 0 %<\/p>\n<p><strong>Aspect:<\/strong><br \/>\nP\u00e2te g\u00e9latineuse beige.<\/p>\n<p><strong>Consistence:<\/strong><br \/>\nP\u00e2teux, pr\u00eat \u00e0 l'application au pinceau sans \u00eatre dilu\u00e9.<\/p>\n<p><strong>Propri\u00e9t\u00e9s:<\/strong><br \/>\nAQUADIX \u00e9limine toutes les peintures-dispersion, les cr\u00e9pis synth\u00e9tiques, glacis acryliques, les couleurs brillantes, les peintures synth\u00e9tiques et \u00e0 l'huile, les peintures \u00e0 2 composants \u00e9tant exclues.<br \/>\nProduit pour le nettoyage par voie humide, exempt d'hydrocarbures chlor\u00e9s.<\/p>\n<p><strong>Forme de livraison:<\/strong><br \/>\nBidons de 1, 6, 10, 20 kg net. F\u00fbt de 180 kg net.<\/p>\n","protected":false},"excerpt":{"rendered":"<p>D\u00e9capant universel . Faible en odeur. Exempt d'hydrocarbures chlor\u00e9s et aromatiques, pH-neutre.<\/p>\n","protected":false},"featured_media":1103,"template":"","meta":{"_acf_changed":false,"_seopress_robots_primary_cat":"none","_seopress_titles_title":"D\u00e9capant%%sep%%Aquadix%%sep%%D\u00e9capant universel","_seopress_titles_desc":"D\u00e9capant universel . Faible en odeur. Exempt d&#039;hydrocarbures chlor\u00e9s et aromatiques,\r\npH-neutre","_seopress_robots_index":"","_trash_the_other_posts":false,"editor_notices":[]},"product_brand":[],"product_cat":[25],"product_tag":[43,29,32,33,31],"class_list":{"0":"post-168","1":"product","2":"type-product","3":"status-publish","4":"has-post-thumbnail","6":"product_cat-decapants","7":"product_tag-aquadix","8":"product_tag-decapant","9":"product_tag-decapant-radical","10":"product_tag-decapant-universel","11":"product_tag-suppression-de-la-couleur","13":"first","14":"instock","15":"taxable","16":"shipping-taxable","17":"purchasable","18":"product-type-simple"},"acf":[],"_links":{"self":[{"href":"https:\/\/www.lanit.ch\/fr\/wp-json\/wp\/v2\/product\/168","targetHints":{"allow":["GET"]}}],"collection":[{"href":"https:\/\/www.lanit.ch\/fr\/wp-json\/wp\/v2\/product"}],"about":[{"href":"https:\/\/www.lanit.ch\/fr\/wp-json\/wp\/v2\/types\/product"}],"wp:featuredmedia":[{"embeddable":true,"href":"https:\/\/www.lanit.ch\/fr\/wp-json\/wp\/v2\/media\/1103"}],"wp:attachment":[{"href":"https:\/\/www.lanit.ch\/fr\/wp-json\/wp\/v2\/media?parent=168"}],"wp:term":[{"taxonomy":"product_brand","embeddable":true,"href":"https:\/\/www.lanit.ch\/fr\/wp-json\/wp\/v2\/product_brand?post=168"},{"taxonomy":"product_cat","embeddable":true,"href":"https:\/\/www.lanit.ch\/fr\/wp-json\/wp\/v2\/product_cat?post=168"},{"taxonomy":"product_tag","embeddable":true,"href":"https:\/\/www.lanit.ch\/fr\/wp-json\/wp\/v2\/product_tag?post=168"}],"curies":[{"name":"wp","href":"https:\/\/api.w.org\/{rel}","templated":true}]}}