{"id":147,"date":"2021-04-18T17:00:08","date_gmt":"2021-04-18T17:00:08","guid":{"rendered":"https:\/\/www.lanit.ch\/fr\/?post_type=product&#038;p=147"},"modified":"2022-01-06T08:31:29","modified_gmt":"2022-01-06T08:31:29","slug":"dixapol-liquide-exempt-cfc","status":"publish","type":"product","link":"https:\/\/www.lanit.ch\/fr\/produkt\/dixapol-liquide-exempt-cfc\/","title":{"rendered":"DIXAPOL LIQUIDE EXEMPT CFC"},"content":{"rendered":"<h1>D\u00e9capant pour \u00e9liminer des films de peinture de toute sorte<\/h1>\n<p>D\u00e9capant pour \u00e9liminer des films de peinture de toute sorte, y compris de nombreux syst\u00e8mes \u00e0 haute r\u00e9ticulation tels que \u00e9maux au four ou peintures \u00e0 deux composants appliqu\u00e9es sur des supports r\u00e9sistant aux solvants.<\/p>\n<p><strong>Compostition:<\/strong><br \/>\nsolvants, agents mouillants et inhibiteurs.Teneur en COV: 0 %<\/p>\n<p><strong>Aspect:<\/strong><br \/>\nLiquide transparent<\/p>\n<p><strong>Consistance:<\/strong><br \/>\nFluide. Convient seulement pour immersion.<\/p>\n<p><strong>Application:<\/strong><br \/>\nNur als Tauchbad f\u00fcr Metallteile. Anschliessende Reinigung der abgebeizten Gegenst\u00e4nde mit Universalverd\u00fcnner oder Pinselreiniger.<\/p>\n<p><strong>Eigenschaften:<\/strong><br \/>\nEmployer exclusivement comme bain de trempage pour pi\u00e8ces m\u00e9talliques. Imm\u00e9diatement apr\u00e8s le traitement nettoyer les objets d\u00e9cap\u00e9s au moyen de diluant universel ou d\u2019un nettoyant pour pinceaux.<\/p>\n<p><strong>Forme de livraison:<\/strong><br \/>\nBidons en plastique: 6 kg, 12 kg oder 25 kg netto. F\u00fbts de 250 kg.<\/p>\n","protected":false},"excerpt":{"rendered":"<p>D\u00e9capant pour \u00e9liminer des films de peinture de toute sorte, y compris de nombreux syst\u00e8mes \u00e0 haute r\u00e9ticulation tels que \u00e9maux au four ou peintures \u00e0 deux composants appliqu\u00e9es sur des supports r\u00e9sistant aux solvants.<\/p>\n","protected":false},"featured_media":1101,"template":"","meta":{"_acf_changed":false,"_seopress_robots_primary_cat":"none","_seopress_titles_title":"D\u00e9capant%%sep%%Nettoyeur %%sep%% %%sitetitle%%","_seopress_titles_desc":"D\u00e9capant pour \u00e9liminer des films de peinture de toute sorte, y compris de nombreux syst\u00e8mes \u00e0 haute r\u00e9ticulation tels que \u00e9maux au four ou peintures \u00e0 deux composants appliqu\u00e9es sur des supports r\u00e9sistant aux solvants","_seopress_robots_index":"","_trash_the_other_posts":false,"editor_notices":[]},"product_brand":[],"product_cat":[25],"product_tag":[29,40,32,33,30,41,31],"class_list":{"0":"post-147","1":"product","2":"type-product","3":"status-publish","4":"has-post-thumbnail","6":"product_cat-decapants","7":"product_tag-decapant","8":"product_tag-decapant-liquide","9":"product_tag-decapant-radical","10":"product_tag-decapant-universel","11":"product_tag-dixapol","12":"product_tag-nettoyeur","13":"product_tag-suppression-de-la-couleur","15":"first","16":"instock","17":"taxable","18":"shipping-taxable","19":"purchasable","20":"product-type-simple"},"acf":[],"_links":{"self":[{"href":"https:\/\/www.lanit.ch\/fr\/wp-json\/wp\/v2\/product\/147","targetHints":{"allow":["GET"]}}],"collection":[{"href":"https:\/\/www.lanit.ch\/fr\/wp-json\/wp\/v2\/product"}],"about":[{"href":"https:\/\/www.lanit.ch\/fr\/wp-json\/wp\/v2\/types\/product"}],"wp:featuredmedia":[{"embeddable":true,"href":"https:\/\/www.lanit.ch\/fr\/wp-json\/wp\/v2\/media\/1101"}],"wp:attachment":[{"href":"https:\/\/www.lanit.ch\/fr\/wp-json\/wp\/v2\/media?parent=147"}],"wp:term":[{"taxonomy":"product_brand","embeddable":true,"href":"https:\/\/www.lanit.ch\/fr\/wp-json\/wp\/v2\/product_brand?post=147"},{"taxonomy":"product_cat","embeddable":true,"href":"https:\/\/www.lanit.ch\/fr\/wp-json\/wp\/v2\/product_cat?post=147"},{"taxonomy":"product_tag","embeddable":true,"href":"https:\/\/www.lanit.ch\/fr\/wp-json\/wp\/v2\/product_tag?post=147"}],"curies":[{"name":"wp","href":"https:\/\/api.w.org\/{rel}","templated":true}]}}