{"id":1286,"date":"2021-05-15T17:54:26","date_gmt":"2021-05-15T17:54:26","guid":{"rendered":"https:\/\/www.lanit.ch\/fr\/?post_type=product&#038;p=1286"},"modified":"2025-10-17T10:51:13","modified_gmt":"2025-10-17T10:51:13","slug":"peroxyde-dhydrogene-35","status":"publish","type":"product","link":"https:\/\/www.lanit.ch\/fr\/produkt\/peroxyde-dhydrogene-35\/","title":{"rendered":"PEROXYDE D'HYDROG\u00c8NE 35%"},"content":{"rendered":"<p>Peroxyde d'hydrog\u00e8ne 35%<\/p>\n<p class=\"whitespace-normal break-words\"><span style=\"color: #ff0000;\"><strong>PAS DE VENTE AUX PARTICULIERS<\/strong><\/span><\/p>\n","protected":false},"excerpt":{"rendered":"<p>Peroxyde d'hydrog\u00e8ne 35%<\/p>\n<p><span style=\"color: #ff0000;\"><strong>PAS DE VENTE AUX PARTICULIERS<\/strong><\/span><\/p>\n","protected":false},"featured_media":1331,"template":"","meta":{"_acf_changed":false,"_seopress_robots_primary_cat":"none","_seopress_titles_title":"Peroxyde d'hydrog\u00e8ne 35%%%sep%u de Javel","_seopress_titles_desc":"Achetez du peroxyde d'hydrog\u00e8ne pas cher aupr\u00e8s notre boutique en ligne","_seopress_robots_index":"","_trash_the_other_posts":false,"editor_notices":[]},"product_brand":[],"product_cat":[245,96],"product_tag":[510,529,100,509],"class_list":{"0":"post-1286","1":"product","2":"type-product","3":"status-publish","4":"has-post-thumbnail","6":"product_cat-moyen","7":"product_cat-eclaircissant","8":"product_tag-bleicher","9":"product_tag-bleichmittel","10":"product_tag-eclaircissant-pour-bois","11":"product_tag-peroxyde-dhydrogene","13":"first","14":"onbackorder","15":"taxable","16":"shipping-taxable","17":"purchasable","18":"product-type-simple"},"acf":[],"_links":{"self":[{"href":"https:\/\/www.lanit.ch\/fr\/wp-json\/wp\/v2\/product\/1286","targetHints":{"allow":["GET"]}}],"collection":[{"href":"https:\/\/www.lanit.ch\/fr\/wp-json\/wp\/v2\/product"}],"about":[{"href":"https:\/\/www.lanit.ch\/fr\/wp-json\/wp\/v2\/types\/product"}],"wp:featuredmedia":[{"embeddable":true,"href":"https:\/\/www.lanit.ch\/fr\/wp-json\/wp\/v2\/media\/1331"}],"wp:attachment":[{"href":"https:\/\/www.lanit.ch\/fr\/wp-json\/wp\/v2\/media?parent=1286"}],"wp:term":[{"taxonomy":"product_brand","embeddable":true,"href":"https:\/\/www.lanit.ch\/fr\/wp-json\/wp\/v2\/product_brand?post=1286"},{"taxonomy":"product_cat","embeddable":true,"href":"https:\/\/www.lanit.ch\/fr\/wp-json\/wp\/v2\/product_cat?post=1286"},{"taxonomy":"product_tag","embeddable":true,"href":"https:\/\/www.lanit.ch\/fr\/wp-json\/wp\/v2\/product_tag?post=1286"}],"curies":[{"name":"wp","href":"https:\/\/api.w.org\/{rel}","templated":true}]}}