{"id":1276,"date":"2021-05-15T15:46:19","date_gmt":"2021-05-15T15:46:19","guid":{"rendered":"https:\/\/www.lanit.ch\/fr\/?post_type=product&#038;p=1276"},"modified":"2025-12-11T09:32:33","modified_gmt":"2025-12-11T09:32:33","slug":"la-graffitientferner-7-2","status":"publish","type":"product","link":"https:\/\/www.lanit.ch\/fr\/produkt\/la-graffitientferner-7-2\/","title":{"rendered":"LA - Graffitientferner 7.2"},"content":{"rendered":"<h1><strong>Graffitientferner<\/strong><\/h1>\n<p>F\u00fcr die manuelle Entfernung von allen Aerosollacken, Tusche, Tief- und Flexodruckfarben von allen por\u00f6sen Fl\u00e4chen.<\/p>\n<p><strong>Zusammensetzung:<\/strong><br \/>\nEmulgatoren, organische Stoffe, Terpene, Dispergatoren<\/p>\n<p><strong>Aussehen:<\/strong><br \/>\nklare Fl\u00fcssigkeit<\/p>\n<p><strong>Konsistenz:<\/strong><br \/>\nFl\u00fcssig<\/p>\n<p><strong>Eigenschaften:<\/strong><br \/>\nF\u00fcr die manuelle Entfernung von allen Aerosollacken, Tusche, Tief- und Flexodruckfarben von allen por\u00f6sen Fl\u00e4chen. Bei PVC- und Acryloberfl\u00e4chen muss zuerst auf Eignung gepr\u00fcft werden. Es kann auf allen l\u00f6semittelbest\u00e4ndigen Untergr\u00fcnden wie z.B. Natur- und Kunststein, angewandt werden. Entfernt alle Arten von Farben und Graffiti von Marmor, Travertin, Sandstein, Granit, Muschelkalk und Beton etc. schattenfrei.<\/p>\n<p><strong>Lieferform:<\/strong><br \/>\nKunstoffeimer mit 1, 5, 10 kg netto<\/p>\n","protected":false},"excerpt":{"rendered":"<p>Graffitientferner f\u00fcr die manuelle Entfernung von allen Aerosollacken, Tusche, Tief- und Flexodruckfarben von allen por\u00f6sen Fl\u00e4chen.<\/p>\n","protected":false},"featured_media":1423,"template":"","meta":{"_acf_changed":false,"_seopress_robots_primary_cat":"none","_seopress_titles_title":"Graffitientferner %%sep%%Graffitireiniger %%sep%%LA-Graffitientferner","_seopress_titles_desc":"Graffitientferner f\u00fcr die manuelle Entfernung von allen Aerosollacken, Tusche, Tief- und Flexodruckfarben von allen por\u00f6sen Fl\u00e4chen.","_seopress_robots_index":"","_trash_the_other_posts":false,"editor_notices":[]},"product_brand":[],"product_cat":[134],"product_tag":[135,520,140],"class_list":{"0":"post-1276","1":"product","2":"type-product","3":"status-publish","4":"has-post-thumbnail","6":"product_cat-dissolvant-de-graffitis","7":"product_tag-dissolvant-de-graffitis","8":"product_tag-nettoyeur-pour-graffitis","9":"product_tag-protection-graffiti","11":"first","12":"instock","13":"taxable","14":"shipping-taxable","15":"purchasable","16":"product-type-simple"},"acf":[],"_links":{"self":[{"href":"https:\/\/www.lanit.ch\/fr\/wp-json\/wp\/v2\/product\/1276","targetHints":{"allow":["GET"]}}],"collection":[{"href":"https:\/\/www.lanit.ch\/fr\/wp-json\/wp\/v2\/product"}],"about":[{"href":"https:\/\/www.lanit.ch\/fr\/wp-json\/wp\/v2\/types\/product"}],"wp:featuredmedia":[{"embeddable":true,"href":"https:\/\/www.lanit.ch\/fr\/wp-json\/wp\/v2\/media\/1423"}],"wp:attachment":[{"href":"https:\/\/www.lanit.ch\/fr\/wp-json\/wp\/v2\/media?parent=1276"}],"wp:term":[{"taxonomy":"product_brand","embeddable":true,"href":"https:\/\/www.lanit.ch\/fr\/wp-json\/wp\/v2\/product_brand?post=1276"},{"taxonomy":"product_cat","embeddable":true,"href":"https:\/\/www.lanit.ch\/fr\/wp-json\/wp\/v2\/product_cat?post=1276"},{"taxonomy":"product_tag","embeddable":true,"href":"https:\/\/www.lanit.ch\/fr\/wp-json\/wp\/v2\/product_tag?post=1276"}],"curies":[{"name":"wp","href":"https:\/\/api.w.org\/{rel}","templated":true}]}}